{"id":3526,"date":"2022-01-14T10:22:15","date_gmt":"2022-01-14T10:22:15","guid":{"rendered":"https:\/\/sirumobilecasino.com\/integritetspolicy\/"},"modified":"2023-03-06T20:01:45","modified_gmt":"2023-03-06T20:01:45","slug":"integritetspolicy","status":"publish","type":"page","link":"https:\/\/sirumobilecasino.com\/sv\/integritetspolicy\/","title":{"rendered":"Integritetspolicy"},"content":{"rendered":"\n<h1 class=\"wp-block-heading\">Integritetspolicy<\/h1>\n\n<p>Vi \u00e4r ansvariga f\u00f6r Sirumobilecasino.com och d\u00e4rmed och \u00e4ven personuppgiftsansvarig f\u00f6r behandlingen av personuppgifter genom de digitala kanaler som anv\u00e4nds f\u00f6r att g\u00f6ra tj\u00e4nsten som tillhandah\u00e5lls p\u00e5 Sirumobilecasino.com tillg\u00e4nglig. Kanaler som anv\u00e4nds inkluderar den nuvarande webbplatsen, s\u00e5v\u00e4l som framtida digitala kontaktytor som mobilapplikationer.<\/p>\n\n<p>Denna integritetspolicy (nedan kallad &#8221;Sekretesspolicyn&#8221;) \u00e4r utformad f\u00f6r att anv\u00e4ndarna av webbplatsen ska k\u00e4nna sig s\u00e4kra p\u00e5 hur deras personuppgifter hanteras och f\u00f6r att s\u00e4kerst\u00e4lla att de hanteras i enlighet med g\u00e4llande integritetslagstiftning.<\/p>\n\n<p>Det \u00e4r viktigt att anv\u00e4ndaren f\u00f6rst\u00e5r att genom att anv\u00e4nda tillg\u00e4ngliga digitala kanaler och\/eller n\u00e5gon av de tj\u00e4nster, erbjudanden, funktioner, verktyg eller resurser som tillhandah\u00e5lls p\u00e5 Sirumobilecasino.com eller som kan komma att tillhandah\u00e5llas i framtiden, samtycker han\/hon\/den till: hans\/hennes\/deras personuppgifter behandlas av oss.<\/p>\n\n<p>Det finns inget krav p\u00e5 att anv\u00e4ndaren av Sirumobilecasino.com ska l\u00e4mna sin personliga information f\u00f6r att bes\u00f6ka webbplatsen. Men utan anv\u00e4ndning av viss personlig information, kanske Sirumobilecasino.com inte kan tillhandah\u00e5lla tj\u00e4nsten som \u00e4r tillg\u00e4nglig p\u00e5 webbplatsen eller relaterad till denna webbplats.<\/p>\n\n<p><strong>Personuppgifter som behandlas<br\/><\/strong>, Personuppgifter \u00e4r all typ av information som direkt eller indirekt kan h\u00e4nf\u00f6ras till en fysisk person som \u00e4r i livet. Tj\u00e4nsterna som tillhandah\u00e5lls av Sirumobilecasino.com kan i vissa fall inneh\u00e5lla personuppgifter som r\u00f6r en person. Detta sammanfattas nedan som &#8221;Personlig information&#8221;.<\/p>\n\n<p><strong>Behandling av k\u00e4nsliga personuppgifter<br\/><\/strong>Sirumobilecasino.com behandlar inte personuppgifter som \u00e4r klassade som k\u00e4nsliga. Det vill s\u00e4ga information som ras, etniskt ursprung, politisk \u00e5sikt, religi\u00f6s eller filosofisk \u00f6vertygelse eller medlemskap i fackf\u00f6rening och personlig information som r\u00f6r h\u00e4lsa eller sexualliv. Detta kallas nedan &#8221;K\u00e4nslig personlig information&#8221;.<\/p>\n\n<p>Vi behandlar inte n\u00e5gra k\u00e4nsliga personuppgifter i n\u00e5gon form i de tj\u00e4nster vi tillhandah\u00e5ller p\u00e5 Sirumobilecasino.com.<\/p>\n\n<p><strong>Vad anv\u00e4nds personuppgifter till?<br\/><\/strong>Anledningen till att vi kan behandla en anv\u00e4ndares personuppgifter \u00e4r f\u00f6r att vi ska kunna tillhandah\u00e5lla tj\u00e4nsten Sirumobilecasino.com. I vissa fall, men inte begr\u00e4nsat till, anv\u00e4nder vi personuppgifter f\u00f6r att f\u00e5 feedback p\u00e5 tj\u00e4nsten vi tillhandah\u00e5ller via Sirumobilecasino.com f\u00f6r att utveckla och f\u00f6rb\u00e4ttra v\u00e5rt erbjudande. Ut\u00f6ver detta anv\u00e4nds personuppgifterna \u00e4ven f\u00f6r, men inte begr\u00e4nsat till, att f\u00f6rb\u00e4ttra kommunikationen mellan Sirumobilecasino.com och anv\u00e4ndaren via digitala kanaler. Till exempel. Vi kan skicka ett e-postmeddelande till anv\u00e4ndaren som har fyllt i ett formul\u00e4r med informationen de har fyllt i i det formul\u00e4ret. Det kan till exempel vara ett nyhetsbrev.<\/p>\n\n<p><strong>Insamling av information fr\u00e5n andra k\u00e4llor.<br\/><\/strong>Sirumobilecasino.com kan i n\u00e5got avseende beh\u00f6va komplettera den information som l\u00e4mnas via ett formul\u00e4r med information fr\u00e5n annan k\u00e4lla. Detta g\u00f6rs f\u00f6r att f\u00f6rb\u00e4ttra och vidareutveckla nuvarande och framtida tj\u00e4nst\/tj\u00e4nster.<\/p>\n\n<p><strong>Information till tredje part<br\/><\/strong>Sirumobilecasino.com har inte f\u00f6r avsikt att \u00f6verf\u00f6ra anv\u00e4ndarnas personliga information till ytterligare tredje parter f\u00f6rutom relevanta partners och\/eller tj\u00e4nster som anv\u00e4nds f\u00f6r att utveckla tj\u00e4nsten eller kommunikationen och kommer inte att g\u00f6ra det. F\u00f6r att den osannolika situationen ska vara m\u00f6jlig kr\u00e4vs anv\u00e4ndarens aktiva tillst\u00e5nd.<\/p>\n\n<p>Med tredje man avses en enskild eller juridisk person som inte direkt eller indirekt kontrollerar, kontrolleras eller p\u00e5 annat s\u00e4tt st\u00e5r under samma kontroll som den angivna personuppgiftsansvarige.<\/p>\n\n<p>Nuvarande eller framtida koncernbolag kan komma att meddelas om personuppgifter som samlats in p\u00e5 Sirumobilecasino.com. Vid ett s\u00e5dant tillf\u00e4lle behandlas personuppgifter i enlighet med vad som regleras i denna Integritetspolicy.<\/p>\n\n<p>Sirumobilecasino.com kommer inte att vidarebefordra anv\u00e4ndarnas personliga information till en annan tredje part i vinstsyfte. Med andra ord kommer Sirumobilecasino.com inte att s\u00e4lja anv\u00e4ndarnas personuppgifter till andra akt\u00f6rer \u00e4n de relevanta partners som tillhandah\u00e5lls genom tj\u00e4nsten p\u00e5 Sirumobilecasino.com. Detta framg\u00e5r ocks\u00e5 av villkoren som anv\u00e4ndare accepterar n\u00e4r de anv\u00e4nder tj\u00e4nsten p\u00e5 Sirumobilecasino.com.<\/p>\n\n<p>Sirumobilecasino.com anv\u00e4nder oberoende konsulter f\u00f6r att arbeta med digital kommunikation via tillg\u00e4ngliga kanaler. Utvalda konsulter hanterar inte fullst\u00e4ndig personlig information, men ibland kan de komma i kontakt med delar av den personliga informationen som samlas in via Sirumobilecasino.com.<\/p>\n\n<p>M\u00e5let med Sirumobilecasino.com \u00e4r att minimera all hantering av personuppgifter s\u00e5 mycket som m\u00f6jligt. Detta p\u00e5verkar ocks\u00e5 m\u00e4ngden personuppgifter som \u00e4r aktuella och eventuella framtida konsulter kan komma i kontakt med. F\u00f6r oss p\u00e5 Sirumobilecasino.com \u00e4r v\u00e5ra anv\u00e4ndares integritet v\u00e5r h\u00f6gsta prioritet.<\/p>\n\n<p>D\u00e4rf\u00f6r st\u00e4ller vi \u00e4ven krav p\u00e5 de m\u00e4klare vi samarbetar med. Vi kr\u00e4ver att m\u00e4klaren eller m\u00e4klarna som vi tillhandah\u00e5ller v\u00e5ra anv\u00e4ndares personuppgifter skyddar dessa personuppgifter p\u00e5 minst samma niv\u00e5 som vi g\u00f6r.<\/p>\n\n<p><strong>I vilket land finns dina uppgifter?<br\/><\/strong>Sirumobilecasino.com kan skicka personuppgifter till tredjel\u00e4nder (dvs ett land utanf\u00f6r EU\/EES). Det beror p\u00e5 att Sirumobilecasino.com anv\u00e4nder verktyg fr\u00e5n f\u00f6retag som Google och Meta. Sirumobilecasino.com fungerar ocks\u00e5 med andra f\u00f6retag som kan ha, men inte begr\u00e4nsat till, ha sin hemvist utanf\u00f6r den europeiska unionen.<\/p>\n\n<p><strong>Samtycke<\/strong><br\/>Genom att anv\u00e4ndaren godk\u00e4nner denna integritetspolicy samtycker han\/hon\/de ocks\u00e5 till att vi anv\u00e4nder och behandlar hans\/hennes\/deras personuppgifter i enlighet med vad som beskrivs i denna policy.<\/p>\n\n<p>Ut\u00f6ver detta samtycker anv\u00e4ndaren \u00e4ven till att vi anv\u00e4nder cookies och liknande teknik.<\/p>\n\n<p>Om en anv\u00e4ndare v\u00e4ljer att inte acceptera det som anges i denna integritetspolicy ber vi p\u00e5 Sirumobilecasino.com den anv\u00e4ndaren att inte anv\u00e4nda v\u00e5r tj\u00e4nst\/tj\u00e4nster.<\/p>\n\n<p>En anv\u00e4ndares samtycke kan alltid och n\u00e4r som helst \u00e5terkallas.<\/p>\n\n<p><strong>\u00c4ndringar i integritetspolicyn<br\/><\/strong>Eftersom en integritetspolicy \u00e4r vad som kallas ett levande dokument, sker det kontinuerliga f\u00f6r\u00e4ndringar i den. \u00c4ndringarna kan komma fr\u00e5n interna beslut om policy\u00e4ndringar eller s\u00e5 \u00e4r \u00e4ndringarna baserade p\u00e5 \u00e4ndringar i lagar och\/eller f\u00f6rordningar. Det \u00e4r d\u00e4rf\u00f6r oerh\u00f6rt viktigt att anv\u00e4ndaren tar sitt ansvar och l\u00e4ser igenom denna Integritetspolicy med j\u00e4mna mellanrum.<\/p>\n\n<p><strong>Radering av data<\/strong><br\/>Sirumobilecasino.com lagrar inte personlig information under l\u00e4ngre tid \u00e4n vad som anses vara aff\u00e4rskritiskt. Personuppgifter raderas d\u00e4rf\u00f6r i enlighet med g\u00e4llande lagstiftning.<\/p>\n\n<p><strong>R\u00e4tt att beg\u00e4ra information<br\/><\/strong>Anv\u00e4ndare kan n\u00e4r som helst beg\u00e4ra information om vilken typ av personuppgifter som behandlas f\u00f6r dem och beg\u00e4ra r\u00e4ttelse. Detta f\u00f6ruts\u00e4tter att vi behandlar information om anv\u00e4ndaren vid den tid som r\u00e5der. Om en anv\u00e4ndare vill beg\u00e4ra information om Personuppgifter fr\u00e5n Sirumobilecasino.com kan de skicka en skriftlig och undertecknad beg\u00e4ran till oss enligt f\u00f6ljande e-postmeddelande; <strong>info@sirumobilecasino.com<\/strong>.<\/p>\n\n<p><strong>Externa l\u00e4nkar<br\/><\/strong>P\u00e5 Sirumobilecasino.com finns l\u00e4nkar till andra webbplatser som tillhandah\u00e5lls av f\u00f6retag inom och utanf\u00f6r den nuvarande och framtida koncernen. F\u00f6r dessa webbplatser g\u00e4ller deras personuppgiftspolicy och var d\u00e4rf\u00f6r noga med att l\u00e4sa dem ocks\u00e5.<\/p>\n\n<p><strong>S\u00e4kerhet f\u00f6r anv\u00e4ndare<br\/><\/strong>Sirumobilecasino.com vidtar de tekniska och organisatoriska s\u00e4kerhets\u00e5tg\u00e4rder som kr\u00e4vs f\u00f6r att skydda personuppgifter fr\u00e5n obeh\u00f6rig \u00e5tkomst, \u00e4ndring eller f\u00f6rst\u00f6relse. Anv\u00e4ndaren b\u00f6r dock komma ih\u00e5g att det inte \u00e4r m\u00f6jligt att undvika risker n\u00e4r han l\u00e4mnar ut personuppgifter. Det \u00e4r inte m\u00f6jligt att helt skydda digitala kanaler mot intr\u00e5ng.<\/p>\n\n<p><strong>Kontakt<\/strong><br\/>F\u00f6r fr\u00e5gor eller funderingar ang\u00e5ende denna integritetspolicy eller n\u00e5got annat som ber\u00f6r <strong>Sirumobilecasino.com,<\/strong> du \u00e4r v\u00e4lkommen att kontakta oss p\u00e5<strong>info@sirumobilecasino.com<\/strong>.<\/p>\n\n<p><\/p>\n","protected":false},"excerpt":{"rendered":"<p>Integritetspolicy Vi \u00e4r ansvariga f\u00f6r Sirumobilecasino.com och d\u00e4rmed och \u00e4ven personuppgiftsansvarig f\u00f6r behandlingen av personuppgifter genom de digitala kanaler som anv\u00e4nds f\u00f6r att g\u00f6ra tj\u00e4nsten som tillhandah\u00e5lls p\u00e5 Sirumobilecasino.com tillg\u00e4nglig. Kanaler som anv\u00e4nds inkluderar den nuvarande webbplatsen, s\u00e5v\u00e4l som framtida digitala kontaktytor som mobilapplikationer. Denna integritetspolicy (nedan kallad &#8221;Sekretesspolicyn&#8221;) \u00e4r utformad f\u00f6r att anv\u00e4ndarna av [&hellip;]<\/p>\n","protected":false},"author":1,"featured_media":0,"parent":0,"menu_order":0,"comment_status":"closed","ping_status":"open","template":"","meta":{"footnotes":""},"class_list":["post-3526","page","type-page","status-publish","hentry"],"yoast_head":"<!-- This site is optimized with the Yoast SEO plugin v27.0 - https:\/\/yoast.com\/product\/yoast-seo-wordpress\/ -->\n<title>Integritetspolicy f\u00f6r Sirumobilecasino.com<\/title>\n<meta name=\"robots\" content=\"index, follow, max-snippet:-1, max-image-preview:large, max-video-preview:-1\" \/>\n<link rel=\"canonical\" href=\"https:\/\/sirumobilecasino.com\/sv\/integritetspolicy\/\" \/>\n<meta property=\"og:locale\" content=\"sv_SE\" \/>\n<meta property=\"og:type\" content=\"article\" \/>\n<meta property=\"og:title\" content=\"Integritetspolicy f\u00f6r Sirumobilecasino.com\" \/>\n<meta property=\"og:description\" content=\"Integritetspolicy Vi \u00e4r ansvariga f\u00f6r Sirumobilecasino.com och d\u00e4rmed och \u00e4ven personuppgiftsansvarig f\u00f6r behandlingen av personuppgifter genom de digitala kanaler som anv\u00e4nds f\u00f6r att g\u00f6ra tj\u00e4nsten som tillhandah\u00e5lls p\u00e5 Sirumobilecasino.com tillg\u00e4nglig. Kanaler som anv\u00e4nds inkluderar den nuvarande webbplatsen, s\u00e5v\u00e4l som framtida digitala kontaktytor som mobilapplikationer. Denna integritetspolicy (nedan kallad &#8221;Sekretesspolicyn&#8221;) \u00e4r utformad f\u00f6r att anv\u00e4ndarna av [&hellip;]\" \/>\n<meta property=\"og:url\" content=\"https:\/\/sirumobilecasino.com\/sv\/integritetspolicy\/\" \/>\n<meta property=\"article:modified_time\" content=\"2023-03-06T20:01:45+00:00\" \/>\n<meta name=\"twitter:card\" content=\"summary_large_image\" \/>\n<meta name=\"twitter:label1\" content=\"Ber\u00e4knad l\u00e4stid\" \/>\n\t<meta name=\"twitter:data1\" content=\"7 minuter\" \/>\n<script type=\"application\/ld+json\" class=\"yoast-schema-graph\">{\"@context\":\"https:\/\/schema.org\",\"@graph\":[{\"@type\":\"WebPage\",\"@id\":\"https:\/\/sirumobilecasino.com\/sv\/integritetspolicy\/\",\"url\":\"https:\/\/sirumobilecasino.com\/sv\/integritetspolicy\/\",\"name\":\"Integritetspolicy f\u00f6r Sirumobilecasino.com\",\"isPartOf\":{\"@id\":\"https:\/\/sirumobilecasino.com\/sv\/#website\"},\"datePublished\":\"2022-01-14T10:22:15+00:00\",\"dateModified\":\"2023-03-06T20:01:45+00:00\",\"breadcrumb\":{\"@id\":\"https:\/\/sirumobilecasino.com\/sv\/integritetspolicy\/#breadcrumb\"},\"inLanguage\":\"sv-SE\",\"potentialAction\":[{\"@type\":\"ReadAction\",\"target\":[\"https:\/\/sirumobilecasino.com\/sv\/integritetspolicy\/\"]}]},{\"@type\":\"BreadcrumbList\",\"@id\":\"https:\/\/sirumobilecasino.com\/sv\/integritetspolicy\/#breadcrumb\",\"itemListElement\":[{\"@type\":\"ListItem\",\"position\":1,\"name\":\"Home\",\"item\":\"https:\/\/sirumobilecasino.com\/sv\/\"},{\"@type\":\"ListItem\",\"position\":2,\"name\":\"Integritetspolicy\"}]},{\"@type\":\"WebSite\",\"@id\":\"https:\/\/sirumobilecasino.com\/sv\/#website\",\"url\":\"https:\/\/sirumobilecasino.com\/sv\/\",\"name\":\"Siru Mobile Casino\",\"description\":\"\",\"publisher\":{\"@id\":\"https:\/\/sirumobilecasino.com\/sv\/#organization\"},\"alternateName\":\"SiruMC\",\"potentialAction\":[{\"@type\":\"SearchAction\",\"target\":{\"@type\":\"EntryPoint\",\"urlTemplate\":\"https:\/\/sirumobilecasino.com\/sv\/?s={search_term_string}\"},\"query-input\":{\"@type\":\"PropertyValueSpecification\",\"valueRequired\":true,\"valueName\":\"search_term_string\"}}],\"inLanguage\":\"sv-SE\"},{\"@type\":\"Organization\",\"@id\":\"https:\/\/sirumobilecasino.com\/sv\/#organization\",\"name\":\"Siru Mobile Casino\",\"alternateName\":\"Siru MC\",\"url\":\"https:\/\/sirumobilecasino.com\/sv\/\",\"logo\":{\"@type\":\"ImageObject\",\"inLanguage\":\"sv-SE\",\"@id\":\"https:\/\/sirumobilecasino.com\/sv\/#\/schema\/logo\/image\/\",\"url\":\"https:\/\/sirumobilecasino.com\/wp-content\/uploads\/2023\/02\/siru-mobile-casino-logo-large.png\",\"contentUrl\":\"https:\/\/sirumobilecasino.com\/wp-content\/uploads\/2023\/02\/siru-mobile-casino-logo-large.png\",\"width\":316,\"height\":48,\"caption\":\"Siru Mobile Casino\"},\"image\":{\"@id\":\"https:\/\/sirumobilecasino.com\/sv\/#\/schema\/logo\/image\/\"}}]}<\/script>\n<!-- \/ Yoast SEO plugin. -->","yoast_head_json":{"title":"Integritetspolicy f\u00f6r Sirumobilecasino.com","robots":{"index":"index","follow":"follow","max-snippet":"max-snippet:-1","max-image-preview":"max-image-preview:large","max-video-preview":"max-video-preview:-1"},"canonical":"https:\/\/sirumobilecasino.com\/sv\/integritetspolicy\/","og_locale":"sv_SE","og_type":"article","og_title":"Integritetspolicy f\u00f6r Sirumobilecasino.com","og_description":"Integritetspolicy Vi \u00e4r ansvariga f\u00f6r Sirumobilecasino.com och d\u00e4rmed och \u00e4ven personuppgiftsansvarig f\u00f6r behandlingen av personuppgifter genom de digitala kanaler som anv\u00e4nds f\u00f6r att g\u00f6ra tj\u00e4nsten som tillhandah\u00e5lls p\u00e5 Sirumobilecasino.com tillg\u00e4nglig. Kanaler som anv\u00e4nds inkluderar den nuvarande webbplatsen, s\u00e5v\u00e4l som framtida digitala kontaktytor som mobilapplikationer. Denna integritetspolicy (nedan kallad &#8221;Sekretesspolicyn&#8221;) \u00e4r utformad f\u00f6r att anv\u00e4ndarna av [&hellip;]","og_url":"https:\/\/sirumobilecasino.com\/sv\/integritetspolicy\/","article_modified_time":"2023-03-06T20:01:45+00:00","twitter_card":"summary_large_image","twitter_misc":{"Ber\u00e4knad l\u00e4stid":"7 minuter"},"schema":{"@context":"https:\/\/schema.org","@graph":[{"@type":"WebPage","@id":"https:\/\/sirumobilecasino.com\/sv\/integritetspolicy\/","url":"https:\/\/sirumobilecasino.com\/sv\/integritetspolicy\/","name":"Integritetspolicy f\u00f6r Sirumobilecasino.com","isPartOf":{"@id":"https:\/\/sirumobilecasino.com\/sv\/#website"},"datePublished":"2022-01-14T10:22:15+00:00","dateModified":"2023-03-06T20:01:45+00:00","breadcrumb":{"@id":"https:\/\/sirumobilecasino.com\/sv\/integritetspolicy\/#breadcrumb"},"inLanguage":"sv-SE","potentialAction":[{"@type":"ReadAction","target":["https:\/\/sirumobilecasino.com\/sv\/integritetspolicy\/"]}]},{"@type":"BreadcrumbList","@id":"https:\/\/sirumobilecasino.com\/sv\/integritetspolicy\/#breadcrumb","itemListElement":[{"@type":"ListItem","position":1,"name":"Home","item":"https:\/\/sirumobilecasino.com\/sv\/"},{"@type":"ListItem","position":2,"name":"Integritetspolicy"}]},{"@type":"WebSite","@id":"https:\/\/sirumobilecasino.com\/sv\/#website","url":"https:\/\/sirumobilecasino.com\/sv\/","name":"Siru Mobile Casino","description":"","publisher":{"@id":"https:\/\/sirumobilecasino.com\/sv\/#organization"},"alternateName":"SiruMC","potentialAction":[{"@type":"SearchAction","target":{"@type":"EntryPoint","urlTemplate":"https:\/\/sirumobilecasino.com\/sv\/?s={search_term_string}"},"query-input":{"@type":"PropertyValueSpecification","valueRequired":true,"valueName":"search_term_string"}}],"inLanguage":"sv-SE"},{"@type":"Organization","@id":"https:\/\/sirumobilecasino.com\/sv\/#organization","name":"Siru Mobile Casino","alternateName":"Siru MC","url":"https:\/\/sirumobilecasino.com\/sv\/","logo":{"@type":"ImageObject","inLanguage":"sv-SE","@id":"https:\/\/sirumobilecasino.com\/sv\/#\/schema\/logo\/image\/","url":"https:\/\/sirumobilecasino.com\/wp-content\/uploads\/2023\/02\/siru-mobile-casino-logo-large.png","contentUrl":"https:\/\/sirumobilecasino.com\/wp-content\/uploads\/2023\/02\/siru-mobile-casino-logo-large.png","width":316,"height":48,"caption":"Siru Mobile Casino"},"image":{"@id":"https:\/\/sirumobilecasino.com\/sv\/#\/schema\/logo\/image\/"}}]}},"_links":{"self":[{"href":"https:\/\/sirumobilecasino.com\/sv\/wp-json\/wp\/v2\/pages\/3526","targetHints":{"allow":["GET"]}}],"collection":[{"href":"https:\/\/sirumobilecasino.com\/sv\/wp-json\/wp\/v2\/pages"}],"about":[{"href":"https:\/\/sirumobilecasino.com\/sv\/wp-json\/wp\/v2\/types\/page"}],"author":[{"embeddable":true,"href":"https:\/\/sirumobilecasino.com\/sv\/wp-json\/wp\/v2\/users\/1"}],"replies":[{"embeddable":true,"href":"https:\/\/sirumobilecasino.com\/sv\/wp-json\/wp\/v2\/comments?post=3526"}],"version-history":[{"count":5,"href":"https:\/\/sirumobilecasino.com\/sv\/wp-json\/wp\/v2\/pages\/3526\/revisions"}],"predecessor-version":[{"id":3932,"href":"https:\/\/sirumobilecasino.com\/sv\/wp-json\/wp\/v2\/pages\/3526\/revisions\/3932"}],"wp:attachment":[{"href":"https:\/\/sirumobilecasino.com\/sv\/wp-json\/wp\/v2\/media?parent=3526"}],"curies":[{"name":"wp","href":"https:\/\/api.w.org\/{rel}","templated":true}]}}