{"id":3541,"date":"2022-03-09T12:42:20","date_gmt":"2022-03-09T12:42:20","guid":{"rendered":"https:\/\/sirumobilecasino.com\/villkor-och-bestammelser\/"},"modified":"2023-03-06T20:03:44","modified_gmt":"2023-03-06T20:03:44","slug":"villkor-och-bestammelser","status":"publish","type":"page","link":"https:\/\/sirumobilecasino.com\/sv\/villkor-och-bestammelser\/","title":{"rendered":"Villkor och best\u00e4mmelser"},"content":{"rendered":"\n<h1 class=\"wp-block-heading\">Villkor och best\u00e4mmelser <\/h1>\n\n\n\n<p>Sirumobilecasino.com tar ansvar f\u00f6r att skydda sina anv\u00e4ndares personuppgifter och personliga integritet i enlighet med g\u00e4llande lagstiftning, branschregler och sin egen personuppgiftspolicy.<\/p>\n\n\n\n<p>V\u00e5r tj\u00e4nst f\u00f6r dig som anv\u00e4ndare av Sirumobilecasino.com<\/p>\n\n\n\n<p>Sirumobilecasino.com tillhandah\u00e5ller en tj\u00e4nst som hj\u00e4lper anv\u00e4ndaren att j\u00e4mf\u00f6ra information och erbjudanden fr\u00e5n flera produkt- &amp; tj\u00e4nsteleverant\u00f6rer, f\u00f6r att l\u00e4ttare hitta r\u00e4tt leverant\u00f6r f\u00f6r deras behov. Tj\u00e4nsten \u00e4r till f\u00f6r anv\u00e4ndaren, dvs. privatpersonen, helt kostnadsfritt och anv\u00e4ndaren f\u00f6rbinder sig inte att v\u00e4lja n\u00e5gon av de leverant\u00f6rer som l\u00e4mnar offerter.<\/p>\n\n\n\n<p><strong>Allm\u00e4nt<\/strong><br>1.0 By using the service, the user accepts and accepts the terms and conditions and the personal data policy.<\/p>\n\n\n\n<p>1.1 Sirumobilecasino.com \u00e4r en gratistj\u00e4nst f\u00f6r anv\u00e4ndaren, dvs. privatpersonen, som anv\u00e4ndare av Sirumobilecasino.com, \u00e5tar sig anv\u00e4ndaren inte att anlita n\u00e5gon av de leverant\u00f6rer de kommer i kontakt med via Sirumobilecasino.com.<\/p>\n\n\n\n<p>1.2 F\u00f6r att kunna anv\u00e4nda erbjudanden som framkommer vid anv\u00e4ndningen av tj\u00e4nsterna p\u00e5 Sirumobilecasino.com m\u00e5ste anv\u00e4ndaren vara minst 18 \u00e5r gammal. Det beror p\u00e5 att anv\u00e4ndaren beh\u00f6ver ing\u00e5 ett avtal, samt samtycka till att vara bunden av de villkor som ges av leverant\u00f6rerna.<\/p>\n\n\n\n<p>1.3 Anv\u00e4ndaren intygar att han eller hon \u00e4r seri\u00f6s i sin beg\u00e4ran eller anv\u00e4ndning av tj\u00e4nsten som tillhandah\u00e5lls av Sirumobilecasino.com. Anv\u00e4ndaren intygar ocks\u00e5 att de inte har f\u00f6r avsikt att skada Sirumobilecasino.com eller n\u00e5gon annan tredje part genom deras bes\u00f6k p\u00e5 eller anv\u00e4ndning av webbplatsen och eller tj\u00e4nsten relaterad till webbplatsen. Anv\u00e4ndaren intygar ocks\u00e5 att de tar ansvar f\u00f6r sin anv\u00e4ndning av Sirumobilecasino.com och eventuell skada som deras anv\u00e4ndning kan eller inte kan orsaka Sirumobilecasino.com eller annan tredje part till Sirumobilecasino.com.<\/p>\n\n\n\n<p>1.4 Anv\u00e4ndaren samtycker ocks\u00e5 till att Sirumobilecasino.com i vissa fall kan spara och vidarebefordra begr\u00e4nsad personlig information fr\u00e5n anv\u00e4ndningen av Sirumobilecasino.com till relevanta anslutna partners. Detta enligt den r\u00e5dande integritetspolicyn p\u00e5 Sirumobilecasino.com.<\/p>\n\n\n\n<p>1.5 F\u00f6r att anv\u00e4ndarupplevelsen av Sirumobilecasino.com ska leva upp till anv\u00e4ndarnas f\u00f6rv\u00e4ntningar kr\u00e4vs det i vissa delar att cookies \u00e4r aktiverade i webbl\u00e4saren. D\u00e4rf\u00f6r kan upplevelsen av Sirumobilecasino.com variera beroende p\u00e5 de individuella inst\u00e4llningarna som varje anv\u00e4ndare har p\u00e5 sin webbl\u00e4sare. Anv\u00e4ndare av Sirumobilecasino.com ger d\u00e4rf\u00f6r sitt samtycke till att ta ansvar f\u00f6r sin del av anv\u00e4ndarupplevelsen som p\u00e5verkas av de individuella inst\u00e4llningar som \u00e4r utom kontroll f\u00f6r Sirumobilecasino.com. Anv\u00e4ndare kan l\u00e4sa mer om Sirumobilecasino.coms cookiepolicy p\u00e5 respektive sida.<\/p>\n\n\n\n<p><strong>Personlig information<br><\/strong>2.1 Sirumobilecasino.com har en till\u00e4mplig personuppgiftspolicy. Denna policy informerar anv\u00e4ndaren av Sirumobilecasino.com om vilka typer av personlig information som kan behandlas. Genom att anv\u00e4nda denna webbplats samtycker anv\u00e4ndaren till att Sirumobilecasino.com i vissa fall kan anv\u00e4nda och behandla hans eller hennes personuppgifter i enlighet med vad som beskrivs i denna personuppgiftspolicy. Personuppgiftspolicyn \u00e4r n\u00e4ra kopplad till Sirumobilecasino.coms cookiepolicy, som handlar om hur cookies och annan teknik anv\u00e4nds p\u00e5 Sirumobilecasino.com. Se separat cookiepolicy f\u00f6r mer information.<\/p>\n\n\n\n<p>2.2 Anv\u00e4ndaren \u00e4r enbart skyldig att kontrollera att information som tillhandah\u00e5lls i n\u00e5gon form p\u00e5 Sirumobilecasino.com kan komma att spridas till Sirumobilecasino.com och tredje part, dvs. relevanta partners i enlighet med till\u00e4mpliga lagar och f\u00f6rordningar och att inga intr\u00e5ng i upphovsr\u00e4tten eller immateriella r\u00e4ttigheter beg\u00e5s.<\/p>\n\n\n\n<p>2.3 Anv\u00e4ndaren ansvarar f\u00f6r att den information som l\u00e4mnas inte p\u00e5 n\u00e5got s\u00e4tt kan uppfattas som st\u00f6tande, vilseledande eller p\u00e5 annat s\u00e4tt inte anses vara f\u00f6renlig med g\u00e4llande g\u00e4llande lagar och regler.<\/p>\n\n\n\n<p>2.4 Anv\u00e4ndaren uppmanas att, f\u00f6rutom att l\u00e4sa informationen som tillhandah\u00e5lls p\u00e5 denna sida, \u00e4ven l\u00e4sa informationen som finns i policyn avseende personuppgifter och policy om cookies.<\/p>\n\n\n\n<p><strong>\u00d6vrigt<\/strong><br>3.0 Eftersom det p\u00e5g\u00e5r ett kontinuerligt arbete med att utveckla och f\u00f6rb\u00e4ttra tj\u00e4nsten p\u00e5 Sirumobilecasino.com rekommenderas anv\u00e4ndaren att bes\u00f6ka och l\u00e4sa policyerna f\u00f6r webbplatsen ofta. Sirumobilecasino.com f\u00f6rbeh\u00e5ller sig r\u00e4tten att implementera \u00e4ndringar p\u00e5 Sirumobilecasino.com utan f\u00f6rvarning till anv\u00e4ndarna. Ny funktionalitet kan vid speciella tillf\u00e4llen inneb\u00e4ra \u00e4ndringar i villkor och\/eller andra policyer. Anv\u00e4ndare m\u00e5ste d\u00e5 \u00e5ter acceptera villkor eller policyer.<\/p>\n\n\n\n<p>3.1 Sirumobilecasino.com f\u00f6rbeh\u00e5ller sig r\u00e4tten att blockera anv\u00e4ndare, utan f\u00f6rvarning, som bryter mot villkoren f\u00f6r att anv\u00e4nda tj\u00e4nsten eller om anv\u00e4ndarnas avsikt p\u00e5 n\u00e5got s\u00e4tt anses vara skadlig.<\/p>\n\n\n\n<p>3.2 Sirumobilecasino.com syftar till att s\u00e4kerst\u00e4lla att all information som tillhandah\u00e5lls p\u00e5 webbplatsen \u00e4r korrekt och kontinuerligt uppdaterad. Det finns dock inga garantier f\u00f6r tillg\u00e4ngligheten av Sirumobilecasino.com. Det finns heller ingen garanti f\u00f6r tillf\u00f6rlitligheten eller riktigheten av informationen som tillhandah\u00e5lls p\u00e5 Sirumobilecasino.com. Sirumobilecasino.com kan inte h\u00e5llas ansvarigt om sidan inte \u00e4r tillg\u00e4nglig, om n\u00e5gon information \u00e4r felaktig och om funktionaliteten inte motsvarar f\u00f6rv\u00e4ntningarna.<\/p>\n\n\n\n<p>3.3 Sirumobilecasino.com fr\u00e5ns\u00e4ger sig allt ansvar relaterat till eventuella beslut som en anv\u00e4ndare fattar baserat p\u00e5 information som de har erh\u00e5llit fr\u00e5n Sirumobilecasino.com. Sirumobilecasino.com tillhandah\u00e5ller endast tillf\u00e4lligt tillhandah\u00e5llen information f\u00f6r privatpersoner om f\u00f6retag och\/eller deras olika webbplatser. Sirumobilecasino.com tar inget ansvar f\u00f6r information, tj\u00e4nster, offerter, priss\u00e4ttning eller n\u00e5gon \u00e5tg\u00e4rd fr\u00e5n respektive f\u00f6retag som presenteras p\u00e5 Sirumobilecasino.com. Sirumobilecasino.com \u00e4r inte p\u00e5 n\u00e5got s\u00e4tt en juridisk del av n\u00e5got avtal som kan uppst\u00e5 mellan n\u00e5gon part som ett resultat av att anv\u00e4nda denna webbplats. Anv\u00e4ndare av Sirumobilecasino.com har ingen r\u00e4tt till ers\u00e4ttning fr\u00e5n Sirumobilecasino.com f\u00f6r n\u00e5gra ekonomiska, juridiska eller andra skador som ett resultat av omst\u00e4ndigheter som kan sp\u00e5ras direkt eller indirekt till Sirumobilecasino.com.<\/p>\n\n\n\n<p>3.4 Sirumobilecasino.com f\u00f6rbeh\u00e5ller sig r\u00e4tten att utan f\u00f6rvarning till anv\u00e4ndare av Sirumobilecasino.com n\u00e4r som helst genomf\u00f6ra \u00e4ndringar av information p\u00e5 Sirumobilecasino.com, funktionalitet p\u00e5 Sirumobilecasino.com, \u00e4ndringar i anv\u00e4ndarvillkoren f\u00f6r Sirumobilecasino.com och \u00e4ndringar i policyer som p\u00e5verka Sirumobilecasino.com. F\u00f6r att anv\u00e4ndaren ska kunna forts\u00e4tta anv\u00e4nda Sirumobilecasino.com kommer han att beh\u00f6va l\u00e4sa igenom och acceptera villkoren, policyerna eller liknande igen.<\/p>\n\n\n\n<p>3.5 VI SKA UNDER INGA FALL H\u00c5LLAS ANSVARIGA, VARKEN I KONTRAKT, TORTLIGT (INKLUSIVE F\u00d6RS\u00d6KLIGHET) ELLER ANNAT S\u00c4TT F\u00d6R SKADA F\u00d6R ANV\u00c4NDNING AV WEBBPLATS, \u00c4VEN OM VI HAR ANVISATS OM M\u00d6JLIGHETEN TILL S\u00c5DANA SKADA, INKLUDERADE SKADA. (I) F\u00d6RLUST AV VINST, KONTRAKT, OMS\u00c4TTNING, AFF\u00c4R, AFF\u00c4RSM\u00d6JLIGHET, F\u00d6RLUST ELLER F\u00d6RD\u00c4RVNING AV DATA ELLER \u00c5TERST\u00c4LLNING AV DATA, GOODWILL, S\u00c4KERHETSBROTT SOM RESULTAT FR\u00c5N TREDJE PARTS FEL I TREDJE PARTS TELENET\/KOMMUNIKATIONS-, INTERNETKOMMUNIKATION. OM N\u00c5GOT AV DESSA \u00c4R DIREKTA, INDIREKTA ELLER F\u00d6LJANDE) (II) N\u00c5GON F\u00d6RLUST ELLER SKADA SOM UPPST\u00c5R I SAMBAND MED SKYLDIGHETER GENOM TREDJE PART (VAREGEN DIREKT, INDIREKTA ELLER F\u00d6LJD) ELLER (III) N\u00c5GON INDIREKTA, S\u00c4RSKILD, STRAFFANDE, OAVSIKTLIGA ELLER F\u00d6LJDLIG F\u00d6RLUST ELLER SKADA. VISSA STATER OCH ANDRA JURISDIKTIONER TILL\u00c5TER INTE UNDANTAG ELLER BEGR\u00c4NSNING AV ANSVAR F\u00d6R OAVSIKTLIGA SKADOR ELLER F\u00d6LJDSKADOR, S\u00c5 OVANST\u00c5ENDE BEGR\u00c4NSNINGAR OCH UNDANTAG KANSKE INTE G\u00c4LLER DIG.<\/p>\n\n\n\n<p>3.6 V\u00c5RT TOTALA SAMLADE ANSVAR, INKLUSIVE UTAN BEGR\u00c4NSNING ANSVAR F\u00d6R KONTRAKTSBROTT, FELSKADLIG FRAMST\u00c4LLNING (VAREGEN SKADLIG ELLER LAGST\u00c4LLD), SKADEST\u00c5ND (INKLUSIVE F\u00d6RSIKTIGHET), BROTT MOT LAGST\u00c4LLD F\u00d6RVALTNING ELLER VI OM ANV\u00c4NDARE, ELLER ANV\u00c4NDARE TJ\u00c4NSTER KOMMER ALDRIG UNDER N\u00c5GON OCH ALLA ANV\u00c4NDBARA OMST\u00c4NDIGHETER ATT \u00d6VERSTIGA ETT HUNDRA DOLLAR ($100,00). DU GODK\u00c4NNER VIDARE ATT INGA ANSVAR ELLER \u00c5TG\u00c4RDER SOM UPPST\u00c5R FR\u00c5N, ELLER RELATERADE TILL ANV\u00c4NDNING AV V\u00c5R WEBBPLATS ELLER TJ\u00c4NSTER ELLER DESSA ANV\u00c4NDARVILLKOR F\u00c5R KOMMAS AV DIG MER \u00c4N ETT (1) \u00c5R EFTER H\u00c4NDELSEN. INGENTING I ANV\u00c4NDARVILLKOR UTEKLUDERAR ELLER BEGR\u00c4NSAR N\u00c5GON PARTS ANSVAR F\u00d6R \u00c4Renden SOM INTE KAN UNDANTAGAS ELLER BEGR\u00c4NSAS ENLIGT TILL\u00c4MPLIG LAG.<\/p>\n\n\n\n<p><strong>Till\u00e4mplig lag och plats<br><\/strong>4.1 Avtal om till\u00e4mpliga villkor f\u00f6r anv\u00e4ndning av Sirumobilecasino.com mellan anv\u00e4ndaren och Sirumobilecasino.com ska anses ing\u00e5tt i Sverige och till\u00e4mplig lag ska d\u00e4rf\u00f6r vara svensk.<\/p>\n\n\n\n<p>4.2 Tvister om anv\u00e4ndarvillkor och\/eller andra meningsskiljaktigheter mellan anv\u00e4ndare och Sirumobilecasino.com ska, om tvisten inte kan l\u00f6sas genom f\u00f6rhandling mellan parterna, avg\u00f6ras i allm\u00e4n domstol med G\u00f6teborgs tingsr\u00e4tt som f\u00f6rsta och enda instans och parterna samtycker h\u00e4rmed till s\u00e5dana domstolars jurisdiktion.<\/p>\n\n\n\n<p><strong>Kontakt<\/strong><br>5.1 Du kan kontakta <strong>Sirumobilecasino.com<\/strong> via e-post p\u00e5 <strong>info@sirumobilecasino.com<\/strong>.<\/p>\n\n\n\n<p><\/p>\n","protected":false},"excerpt":{"rendered":"<p>Villkor och best\u00e4mmelser Sirumobilecasino.com tar ansvar f\u00f6r att skydda sina anv\u00e4ndares personuppgifter och personliga integritet i enlighet med g\u00e4llande lagstiftning, branschregler och sin egen personuppgiftspolicy. V\u00e5r tj\u00e4nst f\u00f6r dig som anv\u00e4ndare av Sirumobilecasino.com Sirumobilecasino.com tillhandah\u00e5ller en tj\u00e4nst som hj\u00e4lper anv\u00e4ndaren att j\u00e4mf\u00f6ra information och erbjudanden fr\u00e5n flera produkt- &amp; tj\u00e4nsteleverant\u00f6rer, f\u00f6r att l\u00e4ttare hitta r\u00e4tt [&hellip;]<\/p>\n","protected":false},"author":1,"featured_media":0,"parent":0,"menu_order":0,"comment_status":"closed","ping_status":"closed","template":"","meta":{"footnotes":""},"class_list":["post-3541","page","type-page","status-publish","hentry"],"yoast_head":"<!-- This site is optimized with the Yoast SEO plugin v27.0 - https:\/\/yoast.com\/product\/yoast-seo-wordpress\/ -->\n<title>Villkor och best\u00e4mmelser | Sirumobilecasino.com<\/title>\n<meta name=\"robots\" content=\"index, follow, max-snippet:-1, max-image-preview:large, max-video-preview:-1\" \/>\n<link rel=\"canonical\" href=\"https:\/\/sirumobilecasino.com\/sv\/villkor-och-bestammelser\/\" \/>\n<meta property=\"og:locale\" content=\"sv_SE\" \/>\n<meta property=\"og:type\" content=\"article\" \/>\n<meta property=\"og:title\" content=\"Villkor och best\u00e4mmelser | Sirumobilecasino.com\" \/>\n<meta property=\"og:description\" content=\"Villkor och best\u00e4mmelser Sirumobilecasino.com tar ansvar f\u00f6r att skydda sina anv\u00e4ndares personuppgifter och personliga integritet i enlighet med g\u00e4llande lagstiftning, branschregler och sin egen personuppgiftspolicy. V\u00e5r tj\u00e4nst f\u00f6r dig som anv\u00e4ndare av Sirumobilecasino.com Sirumobilecasino.com tillhandah\u00e5ller en tj\u00e4nst som hj\u00e4lper anv\u00e4ndaren att j\u00e4mf\u00f6ra information och erbjudanden fr\u00e5n flera produkt- &amp; tj\u00e4nsteleverant\u00f6rer, f\u00f6r att l\u00e4ttare hitta r\u00e4tt [&hellip;]\" \/>\n<meta property=\"og:url\" content=\"https:\/\/sirumobilecasino.com\/sv\/villkor-och-bestammelser\/\" \/>\n<meta property=\"article:modified_time\" content=\"2023-03-06T20:03:44+00:00\" \/>\n<meta name=\"twitter:card\" content=\"summary_large_image\" \/>\n<meta name=\"twitter:label1\" content=\"Ber\u00e4knad l\u00e4stid\" \/>\n\t<meta name=\"twitter:data1\" content=\"6 minuter\" \/>\n<script type=\"application\/ld+json\" class=\"yoast-schema-graph\">{\"@context\":\"https:\/\/schema.org\",\"@graph\":[{\"@type\":\"WebPage\",\"@id\":\"https:\/\/sirumobilecasino.com\/sv\/villkor-och-bestammelser\/\",\"url\":\"https:\/\/sirumobilecasino.com\/sv\/villkor-och-bestammelser\/\",\"name\":\"Villkor och best\u00e4mmelser | Sirumobilecasino.com\",\"isPartOf\":{\"@id\":\"https:\/\/sirumobilecasino.com\/sv\/#website\"},\"datePublished\":\"2022-03-09T12:42:20+00:00\",\"dateModified\":\"2023-03-06T20:03:44+00:00\",\"breadcrumb\":{\"@id\":\"https:\/\/sirumobilecasino.com\/sv\/villkor-och-bestammelser\/#breadcrumb\"},\"inLanguage\":\"sv-SE\",\"potentialAction\":[{\"@type\":\"ReadAction\",\"target\":[\"https:\/\/sirumobilecasino.com\/sv\/villkor-och-bestammelser\/\"]}]},{\"@type\":\"BreadcrumbList\",\"@id\":\"https:\/\/sirumobilecasino.com\/sv\/villkor-och-bestammelser\/#breadcrumb\",\"itemListElement\":[{\"@type\":\"ListItem\",\"position\":1,\"name\":\"Home\",\"item\":\"https:\/\/sirumobilecasino.com\/sv\/\"},{\"@type\":\"ListItem\",\"position\":2,\"name\":\"Villkor och best\u00e4mmelser\"}]},{\"@type\":\"WebSite\",\"@id\":\"https:\/\/sirumobilecasino.com\/sv\/#website\",\"url\":\"https:\/\/sirumobilecasino.com\/sv\/\",\"name\":\"Siru Mobile Casino\",\"description\":\"\",\"publisher\":{\"@id\":\"https:\/\/sirumobilecasino.com\/sv\/#organization\"},\"alternateName\":\"SiruMC\",\"potentialAction\":[{\"@type\":\"SearchAction\",\"target\":{\"@type\":\"EntryPoint\",\"urlTemplate\":\"https:\/\/sirumobilecasino.com\/sv\/?s={search_term_string}\"},\"query-input\":{\"@type\":\"PropertyValueSpecification\",\"valueRequired\":true,\"valueName\":\"search_term_string\"}}],\"inLanguage\":\"sv-SE\"},{\"@type\":\"Organization\",\"@id\":\"https:\/\/sirumobilecasino.com\/sv\/#organization\",\"name\":\"Siru Mobile Casino\",\"alternateName\":\"Siru MC\",\"url\":\"https:\/\/sirumobilecasino.com\/sv\/\",\"logo\":{\"@type\":\"ImageObject\",\"inLanguage\":\"sv-SE\",\"@id\":\"https:\/\/sirumobilecasino.com\/sv\/#\/schema\/logo\/image\/\",\"url\":\"https:\/\/sirumobilecasino.com\/wp-content\/uploads\/2023\/02\/siru-mobile-casino-logo-large.png\",\"contentUrl\":\"https:\/\/sirumobilecasino.com\/wp-content\/uploads\/2023\/02\/siru-mobile-casino-logo-large.png\",\"width\":316,\"height\":48,\"caption\":\"Siru Mobile Casino\"},\"image\":{\"@id\":\"https:\/\/sirumobilecasino.com\/sv\/#\/schema\/logo\/image\/\"}}]}<\/script>\n<!-- \/ Yoast SEO plugin. -->","yoast_head_json":{"title":"Villkor och best\u00e4mmelser | Sirumobilecasino.com","robots":{"index":"index","follow":"follow","max-snippet":"max-snippet:-1","max-image-preview":"max-image-preview:large","max-video-preview":"max-video-preview:-1"},"canonical":"https:\/\/sirumobilecasino.com\/sv\/villkor-och-bestammelser\/","og_locale":"sv_SE","og_type":"article","og_title":"Villkor och best\u00e4mmelser | Sirumobilecasino.com","og_description":"Villkor och best\u00e4mmelser Sirumobilecasino.com tar ansvar f\u00f6r att skydda sina anv\u00e4ndares personuppgifter och personliga integritet i enlighet med g\u00e4llande lagstiftning, branschregler och sin egen personuppgiftspolicy. V\u00e5r tj\u00e4nst f\u00f6r dig som anv\u00e4ndare av Sirumobilecasino.com Sirumobilecasino.com tillhandah\u00e5ller en tj\u00e4nst som hj\u00e4lper anv\u00e4ndaren att j\u00e4mf\u00f6ra information och erbjudanden fr\u00e5n flera produkt- &amp; tj\u00e4nsteleverant\u00f6rer, f\u00f6r att l\u00e4ttare hitta r\u00e4tt [&hellip;]","og_url":"https:\/\/sirumobilecasino.com\/sv\/villkor-och-bestammelser\/","article_modified_time":"2023-03-06T20:03:44+00:00","twitter_card":"summary_large_image","twitter_misc":{"Ber\u00e4knad l\u00e4stid":"6 minuter"},"schema":{"@context":"https:\/\/schema.org","@graph":[{"@type":"WebPage","@id":"https:\/\/sirumobilecasino.com\/sv\/villkor-och-bestammelser\/","url":"https:\/\/sirumobilecasino.com\/sv\/villkor-och-bestammelser\/","name":"Villkor och best\u00e4mmelser | Sirumobilecasino.com","isPartOf":{"@id":"https:\/\/sirumobilecasino.com\/sv\/#website"},"datePublished":"2022-03-09T12:42:20+00:00","dateModified":"2023-03-06T20:03:44+00:00","breadcrumb":{"@id":"https:\/\/sirumobilecasino.com\/sv\/villkor-och-bestammelser\/#breadcrumb"},"inLanguage":"sv-SE","potentialAction":[{"@type":"ReadAction","target":["https:\/\/sirumobilecasino.com\/sv\/villkor-och-bestammelser\/"]}]},{"@type":"BreadcrumbList","@id":"https:\/\/sirumobilecasino.com\/sv\/villkor-och-bestammelser\/#breadcrumb","itemListElement":[{"@type":"ListItem","position":1,"name":"Home","item":"https:\/\/sirumobilecasino.com\/sv\/"},{"@type":"ListItem","position":2,"name":"Villkor och best\u00e4mmelser"}]},{"@type":"WebSite","@id":"https:\/\/sirumobilecasino.com\/sv\/#website","url":"https:\/\/sirumobilecasino.com\/sv\/","name":"Siru Mobile Casino","description":"","publisher":{"@id":"https:\/\/sirumobilecasino.com\/sv\/#organization"},"alternateName":"SiruMC","potentialAction":[{"@type":"SearchAction","target":{"@type":"EntryPoint","urlTemplate":"https:\/\/sirumobilecasino.com\/sv\/?s={search_term_string}"},"query-input":{"@type":"PropertyValueSpecification","valueRequired":true,"valueName":"search_term_string"}}],"inLanguage":"sv-SE"},{"@type":"Organization","@id":"https:\/\/sirumobilecasino.com\/sv\/#organization","name":"Siru Mobile Casino","alternateName":"Siru MC","url":"https:\/\/sirumobilecasino.com\/sv\/","logo":{"@type":"ImageObject","inLanguage":"sv-SE","@id":"https:\/\/sirumobilecasino.com\/sv\/#\/schema\/logo\/image\/","url":"https:\/\/sirumobilecasino.com\/wp-content\/uploads\/2023\/02\/siru-mobile-casino-logo-large.png","contentUrl":"https:\/\/sirumobilecasino.com\/wp-content\/uploads\/2023\/02\/siru-mobile-casino-logo-large.png","width":316,"height":48,"caption":"Siru Mobile Casino"},"image":{"@id":"https:\/\/sirumobilecasino.com\/sv\/#\/schema\/logo\/image\/"}}]}},"_links":{"self":[{"href":"https:\/\/sirumobilecasino.com\/sv\/wp-json\/wp\/v2\/pages\/3541","targetHints":{"allow":["GET"]}}],"collection":[{"href":"https:\/\/sirumobilecasino.com\/sv\/wp-json\/wp\/v2\/pages"}],"about":[{"href":"https:\/\/sirumobilecasino.com\/sv\/wp-json\/wp\/v2\/types\/page"}],"author":[{"embeddable":true,"href":"https:\/\/sirumobilecasino.com\/sv\/wp-json\/wp\/v2\/users\/1"}],"replies":[{"embeddable":true,"href":"https:\/\/sirumobilecasino.com\/sv\/wp-json\/wp\/v2\/comments?post=3541"}],"version-history":[{"count":5,"href":"https:\/\/sirumobilecasino.com\/sv\/wp-json\/wp\/v2\/pages\/3541\/revisions"}],"predecessor-version":[{"id":4397,"href":"https:\/\/sirumobilecasino.com\/sv\/wp-json\/wp\/v2\/pages\/3541\/revisions\/4397"}],"wp:attachment":[{"href":"https:\/\/sirumobilecasino.com\/sv\/wp-json\/wp\/v2\/media?parent=3541"}],"curies":[{"name":"wp","href":"https:\/\/api.w.org\/{rel}","templated":true}]}}