{"id":3917,"date":"2022-03-09T12:38:26","date_gmt":"2022-03-09T12:38:26","guid":{"rendered":"https:\/\/sirumobilecasino.com\/cookie-policy\/"},"modified":"2023-02-07T21:38:19","modified_gmt":"2023-02-07T21:38:19","slug":"cookie-policy","status":"publish","type":"page","link":"https:\/\/sirumobilecasino.com\/sv\/cookie-policy\/","title":{"rendered":"Cookie Policy"},"content":{"rendered":"\n<h1 class=\"wp-block-heading\">Cookie Policy<\/h1>\n\n<p>Sirumobilecasino.com anv\u00e4nder cookies och liknande teknologier (h\u00e4danefter kallade &#8221;cookies&#8221;) f\u00f6r att samla in information om hur webbplatsen anv\u00e4nds. Detta f\u00f6r att sedan kunna vidareutveckla tj\u00e4nsten och webbplatsen s\u00e5 att den i st\u00f6rre utstr\u00e4ckning kan leva upp till anv\u00e4ndarnas f\u00f6rv\u00e4ntningar. Ut\u00f6ver detta anv\u00e4nder Sirumobilecasino.com \u00e4ven cookies f\u00f6r att samla in information f\u00f6r att m\u00f6jligg\u00f6ra segmentering av bes\u00f6kare f\u00f6r att kunna tillhandah\u00e5lla relevant marknadsf\u00f6ring.<\/p>\n\n<p><strong>Vad \u00e4r Cookies?<br\/><\/strong>Cookies \u00e4r textfiler som skickas fr\u00e5n en webbplats eller fr\u00e5n en av v\u00e5r partners servrar. Denna fil sparas sedan p\u00e5 den enhet som anv\u00e4ndaren bes\u00f6kte Sirumobilecasino.com med. Det finns flera olika typer av cookies och Sirumobilecasino.com anv\u00e4nder f\u00f6ljande:<\/p>\n\n<p><strong>Vad \u00e4r Web beacons?<br\/><\/strong>Webbeacons kallas \u00e4ven pixeltaggar och \u00e4r sm\u00e5, vanligtvis 1 \u00d7 1 pixel breda, osynliga bilder som kan hittas p\u00e5 webbplatser du bes\u00f6ker.<\/p>\n\n<p>Sessionsbaserade cookies upph\u00f6r n\u00e4r webbl\u00e4saren st\u00e4ngs.<br\/>Permanenta cookies finns kvar p\u00e5 enheten tills ett aktivt val g\u00f6rs f\u00f6r att radera dem eller deras tidsgr\u00e4ns l\u00f6per ut.<br\/>F\u00f6rstapartscookies st\u00e4lls in av webbplatsen som enheten bes\u00f6ker.<br\/>Tredjepartscookies \u00e4r cookies som kommer fr\u00e5n en tredje parts webbplats.<\/p>\n\n<p>Ut\u00f6ver detta finns det \u00e4ven andra tekniker eller kommande tekniker som anv\u00e4nds f\u00f6r att samla in information om anv\u00e4ndarnas beteende p\u00e5 en webbplats.<\/p>\n\n<p><strong>Varf\u00f6r anv\u00e4nder Sirumobilecasino.com cookies?<br\/><\/strong>Sirumobilecasino.com anv\u00e4nder cookies och andra teknologier i det prim\u00e4ra syftet att f\u00f6rb\u00e4ttra anv\u00e4ndarupplevelsen. Detta g\u00f6rs genom att sp\u00e5ra anv\u00e4ndning, samla in, analysera och sedan utvecklas till nya tj\u00e4nster, funktioner och annat p\u00e5 hemsidan. Dessa analyser utf\u00f6rs p\u00e5 helt anonymiserad data, vilket inneb\u00e4r att data som samlas in om anv\u00e4ndningen av Sirumobilecasino.com inte kan kopplas till specifika individer.<\/p>\n\n<p>Sedan anv\u00e4nder Sirumobilecasino.com \u00e4ven cookies f\u00f6r att sidan ska fungera, vissa cookies beh\u00f6vs f\u00f6r att sidan ska laddas snabbare, f\u00f6r att formul\u00e4r ska fungera eller f\u00f6r att \u00f6ka s\u00e4kerheten f\u00f6r anv\u00e4ndarna.<\/p>\n\n<p>D\u00e5 anv\u00e4nder Sirumobilecasino.com \u00e4ven cookies f\u00f6r att hantera annonsering till bes\u00f6kare p\u00e5 webbplatsen. Detta f\u00f6r att ge relevant information s\u00e5 att bes\u00f6karna inte beh\u00f6ver se annonser f\u00f6r saker de inte \u00e4r i behov av och att Sirumobilecasino.com inte beh\u00f6ver l\u00e4gga pengar p\u00e5 annonsering som inte lockar bes\u00f6kare som \u00e4r i behov av tj\u00e4nsten.<\/p>\n\n<p>Vilka cookies anv\u00e4nds p\u00e5 Sirumobilecasino.com?<br\/>Analys:<br\/>Google Analytics<br\/>L\u00e4s mer h\u00e4r: <a href=\"https:\/\/policies.google.com\/technologies\/partner-sites\" target=\"_blank\" rel=\"noreferrer noopener nofollow\">https:\/\/policies.google.com\/technologies\/partner-sites<\/a><\/p>\n\n<p>Google Tag Manager<br\/>L\u00e4s mer h\u00e4r: <a href=\"https:\/\/www.google.com\/analytics\/tag-manager\/\" target=\"_blank\" rel=\"noreferrer noopener nofollow\">https:\/\/www.google.com\/analytics\/tag-manager\/<\/a><\/p>\n\n<p>Annonsering:<br\/>Facebook<br\/>L\u00e4s mer h\u00e4r: <a href=\"https:\/\/www.facebook.com\/help\/568137493302217\" target=\"_blank\" rel=\"noreferrer noopener nofollow\">https:\/\/www.facebook.com\/help\/568137493302217<\/a><\/p>\n\n<p>och h\u00e4r: <a href=\"https:\/\/www.facebook.com\/policies\/cookies\/\" target=\"_blank\" rel=\"noreferrer noopener nofollow\">https:\/\/www.facebook.com\/policies\/cookies\/<\/a><\/p>\n\n<p>Google Ads<br\/>L\u00e4s mer h\u00e4r: <a href=\"https:\/\/support.google.com\/google-ads\/answer\/2407785?hl=en\" target=\"_blank\" rel=\"noreferrer noopener nofollow\">https:\/\/support.google.com\/google-ads\/answer\/2407785?hl=en<\/a><\/p>\n\n<p>\u00c4r det m\u00f6jligt att stoppa anv\u00e4ndningen av cookies?<br\/>Det enkla svaret h\u00e4r \u00e4r ja. Som anv\u00e4ndare kan du helt st\u00e4nga av cookies, men det kan ha en negativ effekt p\u00e5 upplevelsen av webbplatser.<\/p>\n\n<p>Som anv\u00e4ndare kan du \u00e4ven radera befintliga cookies fr\u00e5n din webbl\u00e4sare. Det \u00e4r helt avg\u00f6rande vilken webbl\u00e4sare som anv\u00e4nds f\u00f6r hur man g\u00e5r tillv\u00e4ga f\u00f6r att radera cookies. Bes\u00f6k en av f\u00f6ljande l\u00e4nkar f\u00f6r att ta reda p\u00e5 hur baserat p\u00e5 varje webbl\u00e4sare:<\/p>\n\n<p><a href=\"https:\/\/support.mozilla.org\/sv\/kb\/kakor-information-webbplatser-lagrar-pa-din-dator?redirectlocale=sv\" target=\"_blank\" rel=\"noreferrer noopener nofollow\">Firefox<\/a><\/p>\n\n<p><a href=\"https:\/\/support.apple.com\/sv-se\/HT201265\" target=\"_blank\" rel=\"noreferrer noopener nofollow\">Safari<\/a><\/p>\n\n<p><a href=\"https:\/\/support.google.com\/chrome\/answer\/95647?hl=sv\" target=\"_blank\" rel=\"noreferrer noopener nofollow\">Google Chrome<\/a><\/p>\n\n<p><a href=\"https:\/\/support.microsoft.com\/sv-se\/help\/17442\/windows-internet-explorer-delete-manage-cookies\" target=\"_blank\" rel=\"noreferrer noopener nofollow\">Internet Explorer<\/a><\/p>\n\n<p><\/p>\n\n<p><\/p>\n","protected":false},"excerpt":{"rendered":"<p>Cookie Policy Sirumobilecasino.com anv\u00e4nder cookies och liknande teknologier (h\u00e4danefter kallade &#8221;cookies&#8221;) f\u00f6r att samla in information om hur webbplatsen anv\u00e4nds. Detta f\u00f6r att sedan kunna vidareutveckla tj\u00e4nsten och webbplatsen s\u00e5 att den i st\u00f6rre utstr\u00e4ckning kan leva upp till anv\u00e4ndarnas f\u00f6rv\u00e4ntningar. Ut\u00f6ver detta anv\u00e4nder Sirumobilecasino.com \u00e4ven cookies f\u00f6r att samla in information f\u00f6r att m\u00f6jligg\u00f6ra [&hellip;]<\/p>\n","protected":false},"author":1,"featured_media":0,"parent":0,"menu_order":0,"comment_status":"closed","ping_status":"closed","template":"","meta":{"footnotes":""},"class_list":["post-3917","page","type-page","status-publish","hentry"],"yoast_head":"<!-- This site is optimized with the Yoast SEO plugin v27.0 - https:\/\/yoast.com\/product\/yoast-seo-wordpress\/ -->\n<title>Cookiepolicy som g\u00e4ller f\u00f6r Sirumobilecasino.com.<\/title>\n<meta name=\"robots\" content=\"index, follow, max-snippet:-1, max-image-preview:large, max-video-preview:-1\" \/>\n<link rel=\"canonical\" href=\"https:\/\/sirumobilecasino.com\/sv\/cookie-policy\/\" \/>\n<meta property=\"og:locale\" content=\"sv_SE\" \/>\n<meta property=\"og:type\" content=\"article\" \/>\n<meta property=\"og:title\" content=\"Cookiepolicy som g\u00e4ller f\u00f6r Sirumobilecasino.com.\" \/>\n<meta property=\"og:description\" content=\"Cookie Policy Sirumobilecasino.com anv\u00e4nder cookies och liknande teknologier (h\u00e4danefter kallade &#8221;cookies&#8221;) f\u00f6r att samla in information om hur webbplatsen anv\u00e4nds. Detta f\u00f6r att sedan kunna vidareutveckla tj\u00e4nsten och webbplatsen s\u00e5 att den i st\u00f6rre utstr\u00e4ckning kan leva upp till anv\u00e4ndarnas f\u00f6rv\u00e4ntningar. Ut\u00f6ver detta anv\u00e4nder Sirumobilecasino.com \u00e4ven cookies f\u00f6r att samla in information f\u00f6r att m\u00f6jligg\u00f6ra [&hellip;]\" \/>\n<meta property=\"og:url\" content=\"https:\/\/sirumobilecasino.com\/sv\/cookie-policy\/\" \/>\n<meta property=\"article:modified_time\" content=\"2023-02-07T21:38:19+00:00\" \/>\n<meta name=\"twitter:card\" content=\"summary_large_image\" \/>\n<meta name=\"twitter:label1\" content=\"Ber\u00e4knad l\u00e4stid\" \/>\n\t<meta name=\"twitter:data1\" content=\"3 minuter\" \/>\n<script type=\"application\/ld+json\" class=\"yoast-schema-graph\">{\"@context\":\"https:\/\/schema.org\",\"@graph\":[{\"@type\":\"WebPage\",\"@id\":\"https:\/\/sirumobilecasino.com\/sv\/cookie-policy\/\",\"url\":\"https:\/\/sirumobilecasino.com\/sv\/cookie-policy\/\",\"name\":\"Cookiepolicy som g\u00e4ller f\u00f6r Sirumobilecasino.com.\",\"isPartOf\":{\"@id\":\"https:\/\/sirumobilecasino.com\/sv\/#website\"},\"datePublished\":\"2022-03-09T12:38:26+00:00\",\"dateModified\":\"2023-02-07T21:38:19+00:00\",\"breadcrumb\":{\"@id\":\"https:\/\/sirumobilecasino.com\/sv\/cookie-policy\/#breadcrumb\"},\"inLanguage\":\"sv-SE\",\"potentialAction\":[{\"@type\":\"ReadAction\",\"target\":[\"https:\/\/sirumobilecasino.com\/sv\/cookie-policy\/\"]}]},{\"@type\":\"BreadcrumbList\",\"@id\":\"https:\/\/sirumobilecasino.com\/sv\/cookie-policy\/#breadcrumb\",\"itemListElement\":[{\"@type\":\"ListItem\",\"position\":1,\"name\":\"Home\",\"item\":\"https:\/\/sirumobilecasino.com\/sv\/\"},{\"@type\":\"ListItem\",\"position\":2,\"name\":\"Cookie Policy\"}]},{\"@type\":\"WebSite\",\"@id\":\"https:\/\/sirumobilecasino.com\/sv\/#website\",\"url\":\"https:\/\/sirumobilecasino.com\/sv\/\",\"name\":\"Siru Mobile Casino\",\"description\":\"\",\"publisher\":{\"@id\":\"https:\/\/sirumobilecasino.com\/sv\/#organization\"},\"alternateName\":\"SiruMC\",\"potentialAction\":[{\"@type\":\"SearchAction\",\"target\":{\"@type\":\"EntryPoint\",\"urlTemplate\":\"https:\/\/sirumobilecasino.com\/sv\/?s={search_term_string}\"},\"query-input\":{\"@type\":\"PropertyValueSpecification\",\"valueRequired\":true,\"valueName\":\"search_term_string\"}}],\"inLanguage\":\"sv-SE\"},{\"@type\":\"Organization\",\"@id\":\"https:\/\/sirumobilecasino.com\/sv\/#organization\",\"name\":\"Siru Mobile Casino\",\"alternateName\":\"Siru MC\",\"url\":\"https:\/\/sirumobilecasino.com\/sv\/\",\"logo\":{\"@type\":\"ImageObject\",\"inLanguage\":\"sv-SE\",\"@id\":\"https:\/\/sirumobilecasino.com\/sv\/#\/schema\/logo\/image\/\",\"url\":\"https:\/\/sirumobilecasino.com\/wp-content\/uploads\/2023\/02\/siru-mobile-casino-logo-large.png\",\"contentUrl\":\"https:\/\/sirumobilecasino.com\/wp-content\/uploads\/2023\/02\/siru-mobile-casino-logo-large.png\",\"width\":316,\"height\":48,\"caption\":\"Siru Mobile Casino\"},\"image\":{\"@id\":\"https:\/\/sirumobilecasino.com\/sv\/#\/schema\/logo\/image\/\"}}]}<\/script>\n<!-- \/ Yoast SEO plugin. -->","yoast_head_json":{"title":"Cookiepolicy som g\u00e4ller f\u00f6r Sirumobilecasino.com.","robots":{"index":"index","follow":"follow","max-snippet":"max-snippet:-1","max-image-preview":"max-image-preview:large","max-video-preview":"max-video-preview:-1"},"canonical":"https:\/\/sirumobilecasino.com\/sv\/cookie-policy\/","og_locale":"sv_SE","og_type":"article","og_title":"Cookiepolicy som g\u00e4ller f\u00f6r Sirumobilecasino.com.","og_description":"Cookie Policy Sirumobilecasino.com anv\u00e4nder cookies och liknande teknologier (h\u00e4danefter kallade &#8221;cookies&#8221;) f\u00f6r att samla in information om hur webbplatsen anv\u00e4nds. Detta f\u00f6r att sedan kunna vidareutveckla tj\u00e4nsten och webbplatsen s\u00e5 att den i st\u00f6rre utstr\u00e4ckning kan leva upp till anv\u00e4ndarnas f\u00f6rv\u00e4ntningar. Ut\u00f6ver detta anv\u00e4nder Sirumobilecasino.com \u00e4ven cookies f\u00f6r att samla in information f\u00f6r att m\u00f6jligg\u00f6ra [&hellip;]","og_url":"https:\/\/sirumobilecasino.com\/sv\/cookie-policy\/","article_modified_time":"2023-02-07T21:38:19+00:00","twitter_card":"summary_large_image","twitter_misc":{"Ber\u00e4knad l\u00e4stid":"3 minuter"},"schema":{"@context":"https:\/\/schema.org","@graph":[{"@type":"WebPage","@id":"https:\/\/sirumobilecasino.com\/sv\/cookie-policy\/","url":"https:\/\/sirumobilecasino.com\/sv\/cookie-policy\/","name":"Cookiepolicy som g\u00e4ller f\u00f6r Sirumobilecasino.com.","isPartOf":{"@id":"https:\/\/sirumobilecasino.com\/sv\/#website"},"datePublished":"2022-03-09T12:38:26+00:00","dateModified":"2023-02-07T21:38:19+00:00","breadcrumb":{"@id":"https:\/\/sirumobilecasino.com\/sv\/cookie-policy\/#breadcrumb"},"inLanguage":"sv-SE","potentialAction":[{"@type":"ReadAction","target":["https:\/\/sirumobilecasino.com\/sv\/cookie-policy\/"]}]},{"@type":"BreadcrumbList","@id":"https:\/\/sirumobilecasino.com\/sv\/cookie-policy\/#breadcrumb","itemListElement":[{"@type":"ListItem","position":1,"name":"Home","item":"https:\/\/sirumobilecasino.com\/sv\/"},{"@type":"ListItem","position":2,"name":"Cookie Policy"}]},{"@type":"WebSite","@id":"https:\/\/sirumobilecasino.com\/sv\/#website","url":"https:\/\/sirumobilecasino.com\/sv\/","name":"Siru Mobile Casino","description":"","publisher":{"@id":"https:\/\/sirumobilecasino.com\/sv\/#organization"},"alternateName":"SiruMC","potentialAction":[{"@type":"SearchAction","target":{"@type":"EntryPoint","urlTemplate":"https:\/\/sirumobilecasino.com\/sv\/?s={search_term_string}"},"query-input":{"@type":"PropertyValueSpecification","valueRequired":true,"valueName":"search_term_string"}}],"inLanguage":"sv-SE"},{"@type":"Organization","@id":"https:\/\/sirumobilecasino.com\/sv\/#organization","name":"Siru Mobile Casino","alternateName":"Siru MC","url":"https:\/\/sirumobilecasino.com\/sv\/","logo":{"@type":"ImageObject","inLanguage":"sv-SE","@id":"https:\/\/sirumobilecasino.com\/sv\/#\/schema\/logo\/image\/","url":"https:\/\/sirumobilecasino.com\/wp-content\/uploads\/2023\/02\/siru-mobile-casino-logo-large.png","contentUrl":"https:\/\/sirumobilecasino.com\/wp-content\/uploads\/2023\/02\/siru-mobile-casino-logo-large.png","width":316,"height":48,"caption":"Siru Mobile Casino"},"image":{"@id":"https:\/\/sirumobilecasino.com\/sv\/#\/schema\/logo\/image\/"}}]}},"_links":{"self":[{"href":"https:\/\/sirumobilecasino.com\/sv\/wp-json\/wp\/v2\/pages\/3917","targetHints":{"allow":["GET"]}}],"collection":[{"href":"https:\/\/sirumobilecasino.com\/sv\/wp-json\/wp\/v2\/pages"}],"about":[{"href":"https:\/\/sirumobilecasino.com\/sv\/wp-json\/wp\/v2\/types\/page"}],"author":[{"embeddable":true,"href":"https:\/\/sirumobilecasino.com\/sv\/wp-json\/wp\/v2\/users\/1"}],"replies":[{"embeddable":true,"href":"https:\/\/sirumobilecasino.com\/sv\/wp-json\/wp\/v2\/comments?post=3917"}],"version-history":[{"count":3,"href":"https:\/\/sirumobilecasino.com\/sv\/wp-json\/wp\/v2\/pages\/3917\/revisions"}],"predecessor-version":[{"id":3920,"href":"https:\/\/sirumobilecasino.com\/sv\/wp-json\/wp\/v2\/pages\/3917\/revisions\/3920"}],"wp:attachment":[{"href":"https:\/\/sirumobilecasino.com\/sv\/wp-json\/wp\/v2\/media?parent=3917"}],"curies":[{"name":"wp","href":"https:\/\/api.w.org\/{rel}","templated":true}]}}